{"id":17,"date":"2025-04-21T09:54:14","date_gmt":"2025-04-21T07:54:14","guid":{"rendered":"https:\/\/nbconcept.live-website.com\/?page_id=17"},"modified":"2026-01-19T01:05:59","modified_gmt":"2026-01-19T00:05:59","slug":"accueil","status":"publish","type":"page","link":"https:\/\/nbconcept.live-website.com\/","title":{"rendered":"Accueil"},"content":{"rendered":"\n<div class=\"wp-block-uagb-container uagb-block-73fb0053 alignfull uagb-is-root-container\"><div class=\"uagb-container-inner-blocks-wrap\">\n<div class=\"wp-block-uagb-separator uagb-block-e25c4a60\"><div class=\"uagb-separator-spacing-wrapper\"><div class=\"wp-block-uagb-separator__inner\" style=\"--my-background-image:\"><\/div><\/div><\/div>\n<\/div><\/div>\n\n\n\n<div class=\"wp-block-uagb-container uagb-block-31ba65ea alignwide uagb-is-root-container\">\n<div class=\"wp-block-uagb-buttons uagb-buttons__outer-wrap uagb-btn__default-btn uagb-btn-tablet__default-btn uagb-btn-mobile__default-btn uagb-block-921d45f0\"><div class=\"uagb-buttons__wrap uagb-buttons-layout-wrap \"><\/div><\/div>\n\n\n\n<div class=\"wp-block-uagb-container uagb-block-496d35d7 alignfull uagb-is-root-container\">\n<div class=\"wp-block-uagb-container uagb-layout-flex uagb-block-f8cd8b01\"><\/div>\n\n\n\n<div class=\"wp-block-uagb-container uagb-block-w6j12z9s alignfull uagb-is-root-container\">\n<div class=\"wp-block-uagb-container uagb-block-per1hlzz\">\n<div class=\"wp-block-uagb-advanced-heading uagb-block-a0e73b1a\"><h1 class=\"uagb-heading-text\"><strong><span style=\"text-decoration: underline;\">Votre Partenaire En Agencement Sur Mesure<\/span><\/strong><\/h1><\/div>\n<\/div>\n\n\n\n<div class=\"wp-block-uagb-container uagb-block-499451b9\">\n<div class=\"wp-block-uagb-image aligncenter uagb-block-b97c15b4 wp-block-uagb-image--layout-default wp-block-uagb-image--effect-static wp-block-uagb-image--align-center\"><figure class=\"wp-block-uagb-image__figure\"><img decoding=\"async\" srcset=\"https:\/\/nbconcept.live-website.com\/wp-content\/uploads\/2025\/05\/POGGENPOHL-1024x721.jpg ,https:\/\/nbconcept.live-website.com\/wp-content\/uploads\/2025\/05\/POGGENPOHL-scaled.jpg 780w, https:\/\/nbconcept.live-website.com\/wp-content\/uploads\/2025\/05\/POGGENPOHL-scaled.jpg 360w\" sizes=\"auto, (max-width: 480px) 150px\" src=\"https:\/\/nbconcept.live-website.com\/wp-content\/uploads\/2025\/05\/POGGENPOHL-1024x721.jpg\" alt=\"\" class=\"uag-image-1625\" width=\"1000\" height=\"552\" title=\"\" loading=\"lazy\" role=\"presentation\"\/><\/figure><\/div>\n<\/div>\n<\/div>\n<\/div>\n<\/div>\n\n\n\n<div class=\"wp-block-uagb-separator uagb-block-ee9f93fa wp-block-uagb-separator--icon\"><div class=\"uagb-separator-spacing-wrapper\"><div class=\"wp-block-uagb-separator__inner\" style=\"--my-background-image:\"><div class=\"wp-block-uagb-separator-element\"><svg xmlns=\"https:\/\/www.w3.org\/2000\/svg\" viewBox=\"0 0 512 512\"><path d=\"M256 0C114.6 0 0 114.6 0 256c0 141.4 114.6 256 256 256s256-114.6 256-256C512 114.6 397.4 0 256 0zM390.6 246.6l-112 112C272.4 364.9 264.2 368 256 368s-16.38-3.125-22.62-9.375l-112-112c-12.5-12.5-12.5-32.75 0-45.25s32.75-12.5 45.25 0L256 290.8l89.38-89.38c12.5-12.5 32.75-12.5 45.25 0S403.1 234.1 390.6 246.6z\"><\/path><\/svg><\/div><\/div><\/div><\/div>\n\n\n\n<div class=\"wp-block-uagb-container uagb-block-42097f45 alignfull uagb-is-root-container\">\n<div class=\"wp-block-uagb-advanced-heading uagb-block-b866ef33\"><h1 class=\"uagb-heading-text\"><mark style=\"background-color:rgba(0, 0, 0, 0);color:#ca9400\" class=\"has-inline-color\">Une passion pour la cr\u00e9ation d\u2019espaces<\/mark><\/h1><\/div>\n\n\n\n<div class=\"wp-block-uagb-container uagb-block-46e3b8ef\">\n<div class=\"wp-block-uagb-advanced-heading uagb-block-09c3026e\"><div class=\"uagb-heading-text\">Bienvenue chez&nbsp;<strong>nBconcept<\/strong>, sp\u00e9cialiste de l&rsquo;architecture d&rsquo;int\u00e9rieur pour la cuisine, le dressing de luxe et haut de gamme. Nous sommes fiers de travailler avec les marques les plus prestigieuses, telles que <strong>Poggenpohl<\/strong> et <strong>Novacucina<\/strong> pour cr\u00e9er des espaces de vie \u00e9l\u00e9gants et fonctionnels.\u200b<\/div><div class=\"uagb-separator\"><\/div><\/div>\n<\/div>\n\n\n\n<div class=\"wp-block-uagb-container uagb-block-9957c3a9\">\n<div class=\"wp-block-uagb-advanced-heading uagb-block-c10d09d9\"><div class=\"uagb-heading-text\">En tant qu&rsquo;architectes d&rsquo;int\u00e9rieur hautement qualifi\u00e9s, nous travaillons en \u00e9troite collaboration avec vous pour cr\u00e9er une cuisine qui r\u00e9pondent \u00e0 vos besoins et \u00e0 vos pr\u00e9f\u00e9rences. Nous n&rsquo;utilisons que des mat\u00e9riaux de qualit\u00e9 pour garantir que votre espace soit \u00e0 la fois durable et \u00e9l\u00e9gant.\u200b<\/div><div class=\"uagb-separator\"><\/div><\/div>\n<\/div>\n\n\n\n<div class=\"wp-block-uagb-container uagb-layout-grid uagb-block-1c3a03d5\">\n<div class=\"wp-block-uagb-advanced-heading uagb-block-bace00d0\"><div class=\"uagb-heading-text\">Que vous cherchiez \u00e0 cr\u00e9er une cuisine haut de gamme pour votre maison nous sommes l\u00e0 pour vous aider. Nous sommes fiers de fournir un service personnalis\u00e9 de haute qualit\u00e9, depuis la conception jusqu&rsquo;\u00e0 l&rsquo;installation finale. Nous sommes impatients de travailler avec vous pour cr\u00e9er l&rsquo;espace de vos r\u00eaves chez <strong>nBconcept<\/strong>, o\u00f9 l&rsquo;architecture d&rsquo;int\u00e9rieur rencontre l&rsquo;art de vivre avec les marques les plus prestigieuses de l&rsquo;industrie. Notre gamme compl\u00e8te de services professionnels s\u2019adresse \u00e0 une client\u00e8le diversifi\u00e9e, allant des propri\u00e9taires aux promotrices ou promoteurs commerciaux.<\/div><div class=\"uagb-separator\"><\/div><\/div>\n<\/div>\n<\/div>\n\n\n\n<div class=\"wp-block-uagb-container uagb-block-d5c7b8de alignfull uagb-is-root-container\"><div class=\"uagb-container-inner-blocks-wrap\">\n<div class=\"wp-block-uagb-container uagb-layout-flex uagb-block-dd244ea9\">\n<div class=\"wp-block-uagb-info-box uagb-block-8b656010 uagb-infobox__content-wrap  uagb-infobox-icon-above-title uagb-infobox-image-valign-top wp-block-uagb-info-box--has-margin\"><div class=\"uagb-infobox-margin-wrapper\"><div class=\"uagb-ifb-content\"><div class=\"uagb-ifb-icon-wrap\"><svg xmlns=\"https:\/\/www.w3.org\/2000\/svg\" viewBox=\"0 0 512 512\"><path d=\"M0 256C0 114.6 114.6 0 256 0C397.4 0 512 114.6 512 256C512 397.4 397.4 512 256 512C114.6 512 0 397.4 0 256zM371.8 211.8C382.7 200.9 382.7 183.1 371.8 172.2C360.9 161.3 343.1 161.3 332.2 172.2L224 280.4L179.8 236.2C168.9 225.3 151.1 225.3 140.2 236.2C129.3 247.1 129.3 264.9 140.2 275.8L204.2 339.8C215.1 350.7 232.9 350.7 243.8 339.8L371.8 211.8z\"><\/path><\/svg><\/div><div class=\"uagb-ifb-title-wrap\"><h3 class=\"uagb-ifb-title\"><strong><mark style=\"background-color:rgba(0, 0, 0, 0);color:#ca9400\" class=\"has-inline-color\">R\u00e9alisation de <\/mark><br><mark style=\"background-color:rgba(0, 0, 0, 0);color:#ca9400\" class=\"has-inline-color\">travaux<\/mark><\/strong><\/h3><\/div><div class=\"uagb-ifb-separator\"><\/div><p class=\"uagb-ifb-desc\">Nous assurons la&nbsp;<strong>r\u00e9alisation compl\u00e8te de vos travaux<\/strong>, qu\u2019il s\u2019agisse de r\u00e9novation partielle ou totale. Gr\u00e2ce \u00e0 notre expertise, nous prenons en charge chaque \u00e9tape du chantier : d\u00e9molition, gros \u0153uvre, second \u0153uvre, finitions, ainsi que la coordination des diff\u00e9rents corps de m\u00e9tier.Que ce soit pour un appartement, une maison ou un local professionnel, nous vous accompagnons dans la&nbsp;<strong>mise en \u0153uvre de votre projet<\/strong>, avec un souci constant de qualit\u00e9, de respect des d\u00e9lais et de ma\u00eetrise du budget.<br>Faites confiance \u00e0 notre \u00e9quipe pour transformer vos id\u00e9es en r\u00e9alit\u00e9, avec un suivi rigoureux et des r\u00e9sultats \u00e0 la hauteur de vos attentes.<\/p><\/div><\/div><\/div>\n<\/div>\n\n\n\n<div class=\"wp-block-uagb-container uagb-block-7be2321a\">\n<div class=\"wp-block-uagb-info-box uagb-block-8ec096a9 uagb-infobox__content-wrap  uagb-infobox-icon-above-title uagb-infobox-image-valign-top wp-block-uagb-info-box--has-margin\"><div class=\"uagb-infobox-margin-wrapper\"><div class=\"uagb-ifb-content\"><div class=\"uagb-ifb-icon-wrap\"><svg xmlns=\"https:\/\/www.w3.org\/2000\/svg\" viewBox=\"0 0 512 512\"><path d=\"M0 256C0 114.6 114.6 0 256 0C397.4 0 512 114.6 512 256C512 397.4 397.4 512 256 512C114.6 512 0 397.4 0 256zM371.8 211.8C382.7 200.9 382.7 183.1 371.8 172.2C360.9 161.3 343.1 161.3 332.2 172.2L224 280.4L179.8 236.2C168.9 225.3 151.1 225.3 140.2 236.2C129.3 247.1 129.3 264.9 140.2 275.8L204.2 339.8C215.1 350.7 232.9 350.7 243.8 339.8L371.8 211.8z\"><\/path><\/svg><\/div><div class=\"uagb-ifb-title-wrap\"><h3 class=\"uagb-ifb-title\"><strong><mark style=\"background-color:rgba(0, 0, 0, 0);color:#ca9400\" class=\"has-inline-color\">Support en<\/mark><br><mark style=\"background-color:rgba(0, 0, 0, 0);color:#ca9400\" class=\"has-inline-color\">continu<\/mark><\/strong><\/h3><\/div><div class=\"uagb-ifb-separator\"><\/div><p class=\"uagb-ifb-desc\">Accompagnement sur mesure pour vos projets de cuisine et rangements. Nous vous accompagnons dans la conception et la r\u00e9alisation de&nbsp;<strong>cuisines et rangements sur mesure<\/strong>, adapt\u00e9s \u00e0 vos besoins, vos espaces et votre style de vie. De l\u2019\u00e9tude personnalis\u00e9e \u00e0 l\u2019installation, nous assurons un suivi complet de votre projet, en vous conseillant sur l\u2019<strong>optimisation des volumes<\/strong>, le choix des&nbsp;<strong>mat\u00e9riaux<\/strong>&nbsp;et des&nbsp;<strong>finitions<\/strong>, tout en garantissant une ex\u00e9cution de qualit\u00e9.<\/p><\/div><\/div><\/div>\n<\/div>\n\n\n\n<div class=\"wp-block-uagb-container uagb-block-3a3f46f3\">\n<div class=\"wp-block-uagb-info-box uagb-block-14241914 uagb-infobox__content-wrap  uagb-infobox-icon-above-title uagb-infobox-image-valign-top wp-block-uagb-info-box--has-margin\"><div class=\"uagb-infobox-margin-wrapper\"><div class=\"uagb-ifb-content\"><div class=\"uagb-ifb-icon-wrap\"><svg xmlns=\"https:\/\/www.w3.org\/2000\/svg\" viewBox=\"0 0 512 512\"><path d=\"M0 256C0 114.6 114.6 0 256 0C397.4 0 512 114.6 512 256C512 397.4 397.4 512 256 512C114.6 512 0 397.4 0 256zM371.8 211.8C382.7 200.9 382.7 183.1 371.8 172.2C360.9 161.3 343.1 161.3 332.2 172.2L224 280.4L179.8 236.2C168.9 225.3 151.1 225.3 140.2 236.2C129.3 247.1 129.3 264.9 140.2 275.8L204.2 339.8C215.1 350.7 232.9 350.7 243.8 339.8L371.8 211.8z\"><\/path><\/svg><\/div><div class=\"uagb-ifb-title-wrap\"><h3 class=\"uagb-ifb-title\"><mark style=\"background-color:rgba(0, 0, 0, 0);color:#ca9400\" class=\"has-inline-color\"><strong>Conseils, suggestions et propositions<\/strong><\/mark><\/h3><\/div><div class=\"uagb-ifb-separator\"><\/div><p class=\"uagb-ifb-desc\"><strong>Conseils :<\/strong><br>Analyser vos besoins, optimisez l\u2019ergonomie et tenez compte des contraintes techniques.<br><br><strong>Suggestions :<\/strong><br>Privil\u00e9giez des mat\u00e9riaux durables, un \u00e9clairage bien pens\u00e9 et des rangements vari\u00e9s.<br><br><strong>Propositions :<\/strong><br>Un accompagnement sur mesure, des plans 3D et la fabrication de meubles adapt\u00e9s \u00e0 votre espace.<\/p><\/div><\/div><\/div>\n<\/div>\n<\/div><\/div>\n","protected":false},"excerpt":{"rendered":"<p>Votre Partenaire En Agencement Sur Mesure Une passion pour la cr\u00e9ation d\u2019espaces Bienvenue chez&nbsp;nBconcept, sp\u00e9cialiste de l&rsquo;architecture d&rsquo;int\u00e9rieur pour la [&hellip;]<\/p>\n","protected":false},"author":1,"featured_media":0,"parent":0,"menu_order":0,"comment_status":"closed","ping_status":"closed","template":"","meta":{"_uag_custom_page_level_css":"","site-sidebar-layout":"default","site-content-layout":"","ast-site-content-layout":"full-width-container","site-content-style":"boxed","site-sidebar-style":"default","ast-global-header-display":"","ast-banner-title-visibility":"","ast-main-header-display":"","ast-hfb-above-header-display":"","ast-hfb-below-header-display":"","ast-hfb-mobile-header-display":"","site-post-title":"disabled","ast-breadcrumbs-content":"","ast-featured-img":"","footer-sml-layout":"","ast-disable-related-posts":"","theme-transparent-header-meta":"","adv-header-id-meta":"","stick-header-meta":"","header-above-stick-meta":"","header-main-stick-meta":"","header-below-stick-meta":"","astra-migrate-meta-layouts":"default","ast-page-background-enabled":"default","ast-page-background-meta":{"desktop":{"background-color":"var(--ast-global-color-5)","background-image":"","background-repeat":"repeat","background-position":"center center","background-size":"auto","background-attachment":"scroll","background-type":"","background-media":"","overlay-type":"","overlay-color":"","overlay-opacity":"","overlay-gradient":""},"tablet":{"background-color":"","background-image":"","background-repeat":"repeat","background-position":"center center","background-size":"auto","background-attachment":"scroll","background-type":"","background-media":"","overlay-type":"","overlay-color":"","overlay-opacity":"","overlay-gradient":""},"mobile":{"background-color":"","background-image":"","background-repeat":"repeat","background-position":"center center","background-size":"auto","background-attachment":"scroll","background-type":"","background-media":"","overlay-type":"","overlay-color":"","overlay-opacity":"","overlay-gradient":""}},"ast-content-background-meta":{"desktop":{"background-color":"var(--ast-global-color-4)","background-image":"","background-repeat":"repeat","background-position":"center center","background-size":"auto","background-attachment":"scroll","background-type":"","background-media":"","overlay-type":"","overlay-color":"","overlay-opacity":"","overlay-gradient":""},"tablet":{"background-color":"var(--ast-global-color-4)","background-image":"","background-repeat":"repeat","background-position":"center center","background-size":"auto","background-attachment":"scroll","background-type":"","background-media":"","overlay-type":"","overlay-color":"","overlay-opacity":"","overlay-gradient":""},"mobile":{"background-color":"var(--ast-global-color-4)","background-image":"","background-repeat":"repeat","background-position":"center center","background-size":"auto","background-attachment":"scroll","background-type":"","background-media":"","overlay-type":"","overlay-color":"","overlay-opacity":"","overlay-gradient":""}},"footnotes":""},"class_list":["post-17","page","type-page","status-publish","hentry"],"uagb_featured_image_src":{"full":false,"thumbnail":false,"medium":false,"medium_large":false,"large":false,"1536x1536":false,"2048x2048":false},"uagb_author_info":{"display_name":"nbelabbaci","author_link":"https:\/\/nbconcept.live-website.com\/?author=1"},"uagb_comment_info":0,"uagb_excerpt":"Votre Partenaire En Agencement Sur Mesure Une passion pour la cr\u00e9ation d\u2019espaces Bienvenue chez&nbsp;nBconcept, sp\u00e9cialiste de l&rsquo;architecture d&rsquo;int\u00e9rieur pour la [&hellip;]","_links":{"self":[{"href":"https:\/\/nbconcept.live-website.com\/index.php?rest_route=\/wp\/v2\/pages\/17","targetHints":{"allow":["GET"]}}],"collection":[{"href":"https:\/\/nbconcept.live-website.com\/index.php?rest_route=\/wp\/v2\/pages"}],"about":[{"href":"https:\/\/nbconcept.live-website.com\/index.php?rest_route=\/wp\/v2\/types\/page"}],"author":[{"embeddable":true,"href":"https:\/\/nbconcept.live-website.com\/index.php?rest_route=\/wp\/v2\/users\/1"}],"replies":[{"embeddable":true,"href":"https:\/\/nbconcept.live-website.com\/index.php?rest_route=%2Fwp%2Fv2%2Fcomments&post=17"}],"version-history":[{"count":622,"href":"https:\/\/nbconcept.live-website.com\/index.php?rest_route=\/wp\/v2\/pages\/17\/revisions"}],"predecessor-version":[{"id":3994,"href":"https:\/\/nbconcept.live-website.com\/index.php?rest_route=\/wp\/v2\/pages\/17\/revisions\/3994"}],"wp:attachment":[{"href":"https:\/\/nbconcept.live-website.com\/index.php?rest_route=%2Fwp%2Fv2%2Fmedia&parent=17"}],"curies":[{"name":"wp","href":"https:\/\/api.w.org\/{rel}","templated":true}]}}