{"id":21,"date":"2025-04-21T09:55:21","date_gmt":"2025-04-21T07:55:21","guid":{"rendered":"https:\/\/nbconcept.live-website.com\/?page_id=21"},"modified":"2025-12-06T00:12:38","modified_gmt":"2025-12-05T23:12:38","slug":"contact","status":"publish","type":"page","link":"https:\/\/nbconcept.live-website.com\/?page_id=21","title":{"rendered":"Nos marques"},"content":{"rendered":"\n<div class=\"wp-block-uagb-container uagb-block-b29056d7 alignfull uagb-is-root-container\"><div class=\"uagb-container-inner-blocks-wrap\">\n<div class=\"wp-block-uagb-separator uagb-block-6ccdd090\"><div class=\"wp-block-uagb-separator__inner\" style=\"--my-background-image:\"><\/div><\/div>\n<\/div><\/div>\n\n\n\n<div class=\"wp-block-uagb-container uagb-layout-flex uagb-block-6d7e3f39 alignfull uagb-is-root-container\"><div class=\"uagb-container-inner-blocks-wrap\">\n<div class=\"wp-block-uagb-container uagb-block-4e65b2af\">\n<div class=\"wp-block-uagb-advanced-heading uagb-block-cb4f3801\"><h1 class=\"uagb-heading-text\"><strong><mark style=\"background-color:rgba(0, 0, 0, 0);color:#d69e0f\" class=\"has-inline-color\">POGGENPOHL<\/mark><\/strong><\/h1><p class=\"uagb-desc-text\"><strong><mark style=\"background-color:rgba(0, 0, 0, 0);color:#d69e0f\" class=\"has-inline-color\">Cuisine Allemande de Luxe<\/mark><\/strong><\/p><\/div>\n\n\n\n<div class=\"wp-block-uagb-container uagb-block-dfd35d7f\">\n<div class=\"wp-block-uagb-buttons uagb-buttons__outer-wrap uagb-btn__small-btn uagb-btn-tablet__default-btn uagb-btn-mobile__default-btn uagb-block-1e71480f\"><div class=\"uagb-buttons__wrap uagb-buttons-layout-wrap \">\n<div class=\"wp-block-uagb-buttons-child uagb-buttons__outer-wrap uagb-block-abaab507 wp-block-button\"><div class=\"uagb-button__wrapper\"><a class=\"uagb-buttons-repeater wp-block-button__link\" aria-label=\"\" href=\"https:\/\/nbconcept.live-website.com\/?page_id=586\" rel=\"follow noopener\" target=\"_self\" role=\"button\"><div class=\"uagb-button__link\">Click Here<\/div><\/a><\/div><\/div>\n<\/div><\/div>\n<\/div>\n<\/div>\n\n\n\n<div class=\"wp-block-uagb-container uagb-layout-flex uagb-block-b619d882 alignfull uagb-is-root-container\"><div class=\"uagb-container-inner-blocks-wrap\">\n<div class=\"wp-block-uagb-advanced-heading uagb-block-985621ed\"><p class=\"uagb-heading-text\">Les individus sont au centre de l\u2019attention quand les designers de Poggenpohl se trouvant dans les studios de l\u2019entreprise ou dans des boutiques sp\u00e9cialis\u00e9es d\u00e9veloppent des solutions personnalis\u00e9es pour r\u00e9pondre aux souhaits individuelles des clients pour la conception leur nouvel espace de vie. Toutes les cuisines deviennent des pi\u00e8ces uniques de design contemporain con\u00e7ues de fa\u00e7on \u00e0 s\u2019assortir parfaitement avec l\u2019architecture environnante. La fonctionnalit\u00e9 et l\u2019esth\u00e9tique sont harmonieusement combin\u00e9es dans le dialogue cr\u00e9atif entre clients et planificateurs. Les concepts de design fournissent le point de d\u00e9part pour la planification d\u00e9taill\u00e9e&nbsp;qui r\u00e9pondant aux exigences et aux id\u00e9es les plus extravagantes tout en combinant astucieusement les mat\u00e9riaux, les surfaces et les couleurs. Les \u00e9l\u00e9ments solitaires audacieux cr\u00e9ent un effet suppl\u00e9mentaire et les accessoires parfaits personnalisent jusqu\u2019aux d\u00e9tails les plus uniques.<\/p><\/div>\n<\/div><\/div>\n<\/div><\/div>\n\n\n\n<div class=\"wp-block-uagb-container uagb-layout-grid uagb-block-45f522ef alignfull uagb-is-root-container\"><div class=\"uagb-container-inner-blocks-wrap\">\n<div class=\"wp-block-uagb-container uagb-block-105cc215\">\n<div class=\"wp-block-uagb-separator uagb-block-e9b50dc4 wp-block-uagb-separator--icon\"><div class=\"wp-block-uagb-separator__inner\" style=\"--my-background-image:\"><div class=\"wp-block-uagb-separator-element\"><svg xmlns=\"https:\/\/www.w3.org\/2000\/svg\" viewBox=\"0 0 448 512\"><path d=\"M224 416c-8.188 0-16.38-3.125-22.62-9.375l-192-192c-12.5-12.5-12.5-32.75 0-45.25s32.75-12.5 45.25 0L224 338.8l169.4-169.4c12.5-12.5 32.75-12.5 45.25 0s12.5 32.75 0 45.25l-192 192C240.4 412.9 232.2 416 224 416z\"><\/path><\/svg><\/div><\/div><\/div>\n<\/div>\n<\/div><\/div>\n\n\n\n<div class=\"wp-block-uagb-container uagb-block-27c68d27 alignfull uagb-is-root-container\"><div class=\"uagb-container-inner-blocks-wrap\">\n<div class=\"wp-block-uagb-container uagb-block-77b3fce1\">\n<div class=\"wp-block-uagb-advanced-heading uagb-block-e8ed883a\"><h1 class=\"uagb-heading-text\"><strong><mark style=\"background-color:rgba(0, 0, 0, 0);color:#d69e0f\" class=\"has-inline-color\">NOVACUCINA<\/mark><\/strong><\/h1><p class=\"uagb-desc-text\"><strong><mark style=\"background-color:rgba(0, 0, 0, 0);color:#d69e0f\" class=\"has-inline-color\">Cuisine Italienne Haut de Gamme<\/mark><\/strong><\/p><\/div>\n\n\n\n<div class=\"wp-block-uagb-container uagb-block-8577ba9f\">\n<div class=\"wp-block-uagb-buttons uagb-buttons__outer-wrap uagb-btn__small-btn uagb-btn-tablet__default-btn uagb-btn-mobile__default-btn uagb-block-ee4460a2\"><div class=\"uagb-buttons__wrap uagb-buttons-layout-wrap \">\n<div class=\"wp-block-uagb-buttons-child uagb-buttons__outer-wrap uagb-block-aa04dda7 wp-block-button\"><div class=\"uagb-button__wrapper\"><a class=\"uagb-buttons-repeater wp-block-button__link\" aria-label=\"\" href=\"https:\/\/nbconcept.live-website.com\/?page_id=2967\" rel=\"follow noopener\" target=\"_self\" role=\"button\"><div class=\"uagb-button__link\">Click Here<\/div><\/a><\/div><\/div>\n<\/div><\/div>\n<\/div>\n<\/div>\n\n\n\n<div class=\"wp-block-uagb-container uagb-block-d1f145ec\">\n<div class=\"wp-block-uagb-advanced-heading uagb-block-255dd4cb\"><p class=\"uagb-heading-text\">Chaque histoire a un commencement. Chaque entreprise a sa propre gen\u00e8se. Il est important de remonter \u00e0 l\u2019instant pr\u00e9cis o\u00f9 l\u2019on a d\u00e9cid\u00e9 d\u2019entreprendre notre voyage. Parce que c\u2019est \u00e0 partir de l\u00e0 que naissent les motivations les plus profondes sur lesquelles nous avons construit notre trajectoire.<br>Nous l\u2019avons fait et, avant de nous lancer en 1990, nous avons \u00e9tabli la destination de notre voyage : concevoir des environnements d\u2019ameublement capables de r\u00e9pondre aux besoins des personnes qui souhaitent profiter d\u2019un espace de vie unique. Parce que c\u2019est de cela qu\u2019il s\u2019agit. Faire en sorte que les personnes se sentent bien, en harmonie avec leurs espaces de vie. \u00c9couter les personnes et interpr\u00e9ter leurs besoins. En \u00e9voluant pour trouver des solutions de plus en plus \u00e0 l\u2019avant-garde, avec une attention continue \u00e0 l\u2019esth\u00e9tique et \u00e0 la fonctionnalit\u00e9.<br>Telle est notre mission. Telle est notre histoire. Telle est notre aspiration, toujours mieux.<\/p><\/div>\n<\/div>\n<\/div><\/div>\n","protected":false},"excerpt":{"rendered":"<p>POGGENPOHL Cuisine Allemande de Luxe Les individus sont au centre de l\u2019attention quand les designers de Poggenpohl se trouvant dans [&hellip;]<\/p>\n","protected":false},"author":1,"featured_media":0,"parent":0,"menu_order":0,"comment_status":"closed","ping_status":"closed","template":"","meta":{"_uag_custom_page_level_css":"","site-sidebar-layout":"default","site-content-layout":"","ast-site-content-layout":"","site-content-style":"default","site-sidebar-style":"default","ast-global-header-display":"","ast-banner-title-visibility":"","ast-main-header-display":"","ast-hfb-above-header-display":"","ast-hfb-below-header-display":"","ast-hfb-mobile-header-display":"","site-post-title":"disabled","ast-breadcrumbs-content":"","ast-featured-img":"","footer-sml-layout":"","ast-disable-related-posts":"","theme-transparent-header-meta":"","adv-header-id-meta":"","stick-header-meta":"","header-above-stick-meta":"","header-main-stick-meta":"","header-below-stick-meta":"","astra-migrate-meta-layouts":"default","ast-page-background-enabled":"default","ast-page-background-meta":{"desktop":{"background-color":"var(--ast-global-color-5)","background-image":"","background-repeat":"repeat","background-position":"center center","background-size":"auto","background-attachment":"scroll","background-type":"","background-media":"","overlay-type":"","overlay-color":"","overlay-opacity":"","overlay-gradient":""},"tablet":{"background-color":"","background-image":"","background-repeat":"repeat","background-position":"center center","background-size":"auto","background-attachment":"scroll","background-type":"","background-media":"","overlay-type":"","overlay-color":"","overlay-opacity":"","overlay-gradient":""},"mobile":{"background-color":"","background-image":"","background-repeat":"repeat","background-position":"center center","background-size":"auto","background-attachment":"scroll","background-type":"","background-media":"","overlay-type":"","overlay-color":"","overlay-opacity":"","overlay-gradient":""}},"ast-content-background-meta":{"desktop":{"background-color":"var(--ast-global-color-4)","background-image":"","background-repeat":"repeat","background-position":"center center","background-size":"auto","background-attachment":"scroll","background-type":"","background-media":"","overlay-type":"","overlay-color":"","overlay-opacity":"","overlay-gradient":""},"tablet":{"background-color":"var(--ast-global-color-4)","background-image":"","background-repeat":"repeat","background-position":"center center","background-size":"auto","background-attachment":"scroll","background-type":"","background-media":"","overlay-type":"","overlay-color":"","overlay-opacity":"","overlay-gradient":""},"mobile":{"background-color":"var(--ast-global-color-4)","background-image":"","background-repeat":"repeat","background-position":"center center","background-size":"auto","background-attachment":"scroll","background-type":"","background-media":"","overlay-type":"","overlay-color":"","overlay-opacity":"","overlay-gradient":""}},"footnotes":""},"class_list":["post-21","page","type-page","status-publish","hentry"],"uagb_featured_image_src":{"full":false,"thumbnail":false,"medium":false,"medium_large":false,"large":false,"1536x1536":false,"2048x2048":false},"uagb_author_info":{"display_name":"nbelabbaci","author_link":"https:\/\/nbconcept.live-website.com\/?author=1"},"uagb_comment_info":0,"uagb_excerpt":"POGGENPOHL Cuisine Allemande de Luxe Les individus sont au centre de l\u2019attention quand les designers de Poggenpohl se trouvant dans [&hellip;]","_links":{"self":[{"href":"https:\/\/nbconcept.live-website.com\/index.php?rest_route=\/wp\/v2\/pages\/21","targetHints":{"allow":["GET"]}}],"collection":[{"href":"https:\/\/nbconcept.live-website.com\/index.php?rest_route=\/wp\/v2\/pages"}],"about":[{"href":"https:\/\/nbconcept.live-website.com\/index.php?rest_route=\/wp\/v2\/types\/page"}],"author":[{"embeddable":true,"href":"https:\/\/nbconcept.live-website.com\/index.php?rest_route=\/wp\/v2\/users\/1"}],"replies":[{"embeddable":true,"href":"https:\/\/nbconcept.live-website.com\/index.php?rest_route=%2Fwp%2Fv2%2Fcomments&post=21"}],"version-history":[{"count":129,"href":"https:\/\/nbconcept.live-website.com\/index.php?rest_route=\/wp\/v2\/pages\/21\/revisions"}],"predecessor-version":[{"id":3696,"href":"https:\/\/nbconcept.live-website.com\/index.php?rest_route=\/wp\/v2\/pages\/21\/revisions\/3696"}],"wp:attachment":[{"href":"https:\/\/nbconcept.live-website.com\/index.php?rest_route=%2Fwp%2Fv2%2Fmedia&parent=21"}],"curies":[{"name":"wp","href":"https:\/\/api.w.org\/{rel}","templated":true}]}}