{"id":2967,"date":"2025-05-26T14:47:20","date_gmt":"2025-05-26T12:47:20","guid":{"rendered":"https:\/\/nbconcept.live-website.com\/?page_id=2967"},"modified":"2025-12-13T17:16:07","modified_gmt":"2025-12-13T16:16:07","slug":"nos-marques-novacucina","status":"publish","type":"page","link":"https:\/\/nbconcept.live-website.com\/?page_id=2967","title":{"rendered":"Nos marques Novacucina"},"content":{"rendered":"\n<div class=\"wp-block-uagb-container uagb-block-fa204bce alignfull uagb-is-root-container\"><div class=\"uagb-container-inner-blocks-wrap\">\n<div class=\"wp-block-uagb-separator uagb-block-ffe481b7\"><div class=\"uagb-separator-spacing-wrapper\"><div class=\"wp-block-uagb-separator__inner\" style=\"--my-background-image:\"><\/div><\/div><\/div>\n\n\n\n<div class=\"wp-block-uagb-container uagb-block-ba2dca84 default uagb-is-root-container\">\n<div class=\"wp-block-uagb-advanced-heading uagb-block-fccbfd5d\"><h1 class=\"uagb-heading-text\"><strong><strong>Chaque histoire a un commencement<\/strong><\/strong><\/h1><p class=\"uagb-desc-text\">Chaque histoire a un commencement. Chaque entreprise a sa propre gen\u00e8se. Il est important de remonter \u00e0 l\u2019instant pr\u00e9cis o\u00f9 l\u2019on a d\u00e9cid\u00e9 d\u2019entreprendre notre voyage. Parce que c\u2019est \u00e0 partir de l\u00e0 que naissent les motivations les plus profondes sur lesquelles nous avons construit notre trajectoire.<br>Nous l\u2019avons fait et, avant de nous lancer en 1990, nous avons \u00e9tabli la destination de notre voyage : concevoir des environnements d\u2019ameublement capables de r\u00e9pondre aux besoins des personnes qui souhaitent profiter d\u2019un espace de vie unique. Parce que c\u2019est de cela qu\u2019il s\u2019agit. Faire en sorte que les personnes se sentent bien, en harmonie avec leurs espaces de vie. \u00c9couter les personnes et interpr\u00e9ter leurs besoins. En \u00e9voluant pour trouver des solutions de plus en plus \u00e0 l\u2019avant-garde, avec une attention continue \u00e0 l\u2019esth\u00e9tique et \u00e0 la fonctionnalit\u00e9.<br>Telle est notre mission. Telle est notre histoire. Telle est notre aspiration, toujours mieux.<\/p><\/div>\n<\/div>\n\n\n\n<div class=\"wp-block-uagb-separator uagb-block-3776035b\"><div class=\"wp-block-uagb-separator__inner\" style=\"--my-background-image:\"><\/div><\/div>\n\n\n\n<div class=\"wp-block-uagb-container uagb-block-df4c3303\">\n<div class=\"wp-block-uagb-container uagb-block-e3d753a0\">\n<div class=\"wp-block-uagb-image uagb-block-7f04c05d wp-block-uagb-image--layout-default wp-block-uagb-image--effect-static wp-block-uagb-image--align-none\"><figure class=\"wp-block-uagb-image__figure\"><img decoding=\"async\" srcset=\"https:\/\/nbconcept.live-website.com\/wp-content\/uploads\/2025\/05\/1-Quel-est-notre-point-de-depart--1024x668.jpg ,https:\/\/nbconcept.live-website.com\/wp-content\/uploads\/2025\/05\/1-Quel-est-notre-point-de-depart-.jpg 780w, https:\/\/nbconcept.live-website.com\/wp-content\/uploads\/2025\/05\/1-Quel-est-notre-point-de-depart-.jpg 360w\" sizes=\"auto, (max-width: 480px) 150px\" src=\"https:\/\/nbconcept.live-website.com\/wp-content\/uploads\/2025\/05\/1-Quel-est-notre-point-de-depart--1024x668.jpg\" alt=\"\" class=\"uag-image-2985\" width=\"450\" height=\"450\" title=\"1 - Quel est notre point de d\u00e9part ?\" loading=\"lazy\" role=\"img\"\/><\/figure><\/div>\n<\/div>\n\n\n\n<div class=\"wp-block-uagb-container uagb-block-37e2f4ab\">\n<div class=\"wp-block-uagb-info-box uagb-block-54f535a1 uagb-infobox__content-wrap  uagb-infobox-icon-above-title uagb-infobox-image-valign-top\"><div class=\"uagb-ifb-content\"><div class=\"uagb-ifb-icon-wrap\"><svg xmlns=\"https:\/\/www.w3.org\/2000\/svg\" viewBox=\"0 0 512 512\"><path d=\"M0 256C0 114.6 114.6 0 256 0C397.4 0 512 114.6 512 256C512 397.4 397.4 512 256 512C114.6 512 0 397.4 0 256zM371.8 211.8C382.7 200.9 382.7 183.1 371.8 172.2C360.9 161.3 343.1 161.3 332.2 172.2L224 280.4L179.8 236.2C168.9 225.3 151.1 225.3 140.2 236.2C129.3 247.1 129.3 264.9 140.2 275.8L204.2 339.8C215.1 350.7 232.9 350.7 243.8 339.8L371.8 211.8z\"><\/path><\/svg><\/div><div class=\"uagb-ifb-title-wrap\"><h3 class=\"uagb-ifb-title\"><strong><strong>Quel est notre point de d\u00e9part ?<\/strong><\/strong><\/h3><\/div><p class=\"uagb-ifb-desc\">L\u2019histoire des cuisines Novacucina commence au d\u00e9but des ann\u00e9es 90,avec une entreprise sp\u00e9cialis\u00e9e dans la production de cuisines \u00e9quip\u00e9es de style classique. Depuis ses premi\u00e8res ann\u00e9es, l\u2019entreprise suit un parcours constant de d\u00e9veloppement et parvient \u00e0 se positionner avec des r\u00e9sultats d\u2019une importance absolue sur le march\u00e9 croissant du meuble en Italie. Gr\u00e2ce \u00e0 l\u2019augmentation du chiffre d\u2019affaires, d\u00e8s la fin des ann\u00e9es 90, Nova Cucina peut agrandir ses installations avec deux interventions significatives \u00e0 l\u2019usine de production, qui l\u2019ont dot\u00e9e d\u2019une surface couverte de 10 000 m\u00e8tres carr\u00e9s.<\/p><\/div><\/div>\n<\/div>\n<\/div>\n\n\n\n<div class=\"wp-block-uagb-separator uagb-block-74d94d0e\"><div class=\"wp-block-uagb-separator__inner\" style=\"--my-background-image:\"><\/div><\/div>\n\n\n\n<div class=\"wp-block-uagb-container uagb-layout-flex uagb-block-0cbd0003\">\n<div class=\"wp-block-uagb-container uagb-block-710ba87b\">\n<div class=\"wp-block-uagb-info-box uagb-block-5c4fb466 uagb-infobox__content-wrap  uagb-infobox-icon-above-title uagb-infobox-image-valign-top\"><div class=\"uagb-ifb-content\"><div class=\"uagb-ifb-icon-wrap\"><svg xmlns=\"https:\/\/www.w3.org\/2000\/svg\" viewBox=\"0 0 512 512\"><path d=\"M0 256C0 114.6 114.6 0 256 0C397.4 0 512 114.6 512 256C512 397.4 397.4 512 256 512C114.6 512 0 397.4 0 256zM371.8 211.8C382.7 200.9 382.7 183.1 371.8 172.2C360.9 161.3 343.1 161.3 332.2 172.2L224 280.4L179.8 236.2C168.9 225.3 151.1 225.3 140.2 236.2C129.3 247.1 129.3 264.9 140.2 275.8L204.2 339.8C215.1 350.7 232.9 350.7 243.8 339.8L371.8 211.8z\"><\/path><\/svg><\/div><div class=\"uagb-ifb-title-wrap\"><h3 class=\"uagb-ifb-title\"><strong>C\u2019est le d\u00e9but d\u2019une&nbsp;<\/strong><br><strong>nouvelle \u00e8re.<\/strong><\/h3><\/div><p class=\"uagb-ifb-desc\">Avec l\u2019av\u00e8nement du nouveau mill\u00e9naire, un investissement important dans les machines permet de lancer une nouvelle ligne de production et le style des cuisines s\u2019oriente progressivement vers l\u2019ameublement moderne, concentrant ainsi les efforts de d\u00e9veloppement sur le design et la recherche de mat\u00e9riaux. L\u2019entreprise s\u2019affirme \u00e9galement sur le march\u00e9 du meuble contemporain, en r\u00e9pondant aux go\u00fbts et aux exigences de flexibilit\u00e9 du client de l\u2019\u00e8re mondialis\u00e9e.<br>\u00c0 l\u2019appui de ces \u00e9tapes importantes de maturation, des choix strat\u00e9giques judicieux ont marqu\u00e9 un parcours de croissance coh\u00e9rent avec l\u2019engagement de ne jamais trahir l\u2019\u00e2me originelle de l\u2019identit\u00e9 de l\u2019entreprise. Au fil du temps, cette philosophie a conduit \u00e0 consid\u00e9rer la flexibilit\u00e9 comme un trait distinctif fondamental des solutions d\u2019ameublement Nova Cucina.<br>Avec cette conscience, la nouvelle ligne de production est accompagn\u00e9e d\u2019un nouveau d\u00e9partement enti\u00e8rement d\u00e9di\u00e9 \u00e0 la personnalisation du produit, dot\u00e9 d\u2019un v\u00e9ritable atelier artisanal capable d\u2019\u00e9tudier des solutions ad hoc pour des projets d\u2019ameublement exclusifs.<\/p><\/div><\/div>\n<\/div>\n\n\n\n<div class=\"wp-block-uagb-container uagb-block-3ee3306e\">\n<div class=\"wp-block-uagb-image uagb-block-f276ace9 wp-block-uagb-image--layout-default wp-block-uagb-image--effect-static wp-block-uagb-image--align-none\"><figure class=\"wp-block-uagb-image__figure\"><img decoding=\"async\" srcset=\"https:\/\/nbconcept.live-website.com\/wp-content\/uploads\/2025\/05\/2-Cest-le-debut-dune-nouvelle-ere-884x1024.jpg ,https:\/\/nbconcept.live-website.com\/wp-content\/uploads\/2025\/05\/2-Cest-le-debut-dune-nouvelle-ere.jpg 780w, https:\/\/nbconcept.live-website.com\/wp-content\/uploads\/2025\/05\/2-Cest-le-debut-dune-nouvelle-ere.jpg 360w\" sizes=\"auto, (max-width: 480px) 150px\" src=\"https:\/\/nbconcept.live-website.com\/wp-content\/uploads\/2025\/05\/2-Cest-le-debut-dune-nouvelle-ere-884x1024.jpg\" alt=\"\" class=\"uag-image-2986\" width=\"450\" height=\"450\" title=\"2 - C\u2019est le d\u00e9but d\u2019une nouvelle \u00e8re.\" loading=\"lazy\" role=\"img\"\/><\/figure><\/div>\n<\/div>\n<\/div>\n\n\n\n<div class=\"wp-block-uagb-separator uagb-block-632ef949\"><div class=\"wp-block-uagb-separator__inner\" style=\"--my-background-image:\"><\/div><\/div>\n\n\n\n<div class=\"wp-block-uagb-container uagb-block-30a7ab55\">\n<div class=\"wp-block-uagb-container uagb-block-ceeded28 alignfull uagb-is-root-container\"><div class=\"uagb-container-inner-blocks-wrap\">\n<div class=\"wp-block-uagb-image uagb-block-f961b9f6 wp-block-uagb-image--layout-default wp-block-uagb-image--effect-static wp-block-uagb-image--align-none\"><figure class=\"wp-block-uagb-image__figure\"><img decoding=\"async\" srcset=\"https:\/\/nbconcept.live-website.com\/wp-content\/uploads\/2025\/05\/3-Au-dela-des-frontieres-1024x683.jpg ,https:\/\/nbconcept.live-website.com\/wp-content\/uploads\/2025\/05\/3-Au-dela-des-frontieres.jpg 780w, https:\/\/nbconcept.live-website.com\/wp-content\/uploads\/2025\/05\/3-Au-dela-des-frontieres.jpg 360w\" sizes=\"auto, (max-width: 480px) 150px\" src=\"https:\/\/nbconcept.live-website.com\/wp-content\/uploads\/2025\/05\/3-Au-dela-des-frontieres-1024x683.jpg\" alt=\"\" class=\"uag-image-2987\" width=\"1024\" height=\"1024\" title=\"3 - Au-del\u00e0 des fronti\u00e8res\" loading=\"lazy\" role=\"img\"\/><\/figure><\/div>\n<\/div><\/div>\n\n\n\n<div class=\"wp-block-uagb-container uagb-block-25747eff alignfull uagb-is-root-container\"><div class=\"uagb-container-inner-blocks-wrap\">\n<div class=\"wp-block-uagb-info-box uagb-block-645e46ff uagb-infobox__content-wrap  uagb-infobox-icon-above-title uagb-infobox-image-valign-top\"><div class=\"uagb-ifb-content\"><div class=\"uagb-ifb-icon-wrap\"><svg xmlns=\"https:\/\/www.w3.org\/2000\/svg\" viewBox=\"0 0 512 512\"><path d=\"M0 256C0 114.6 114.6 0 256 0C397.4 0 512 114.6 512 256C512 397.4 397.4 512 256 512C114.6 512 0 397.4 0 256zM371.8 211.8C382.7 200.9 382.7 183.1 371.8 172.2C360.9 161.3 343.1 161.3 332.2 172.2L224 280.4L179.8 236.2C168.9 225.3 151.1 225.3 140.2 236.2C129.3 247.1 129.3 264.9 140.2 275.8L204.2 339.8C215.1 350.7 232.9 350.7 243.8 339.8L371.8 211.8z\"><\/path><\/svg><\/div><div class=\"uagb-ifb-title-wrap\"><h3 class=\"uagb-ifb-title\"><strong><strong>Au-del\u00e0 des fronti\u00e8res<\/strong><\/strong><\/h3><\/div><p class=\"uagb-ifb-desc\">S\u2019il est vrai que nous sommes n\u00e9s avec l\u2019objectif de servir le march\u00e9 int\u00e9rieur, au fil des ans, nous avons \u00e9galement commenc\u00e9 \u00e0 nous d\u00e9velopper au niveau international. Des march\u00e9s tels que la France, les \u00c9tats-Unis, l\u2019Angleterre et l\u2019Espagne repr\u00e9sentent d\u00e9sormais une part importante du chiffre d\u2019affaires, confirmant ainsi la capacit\u00e9 de l\u2019entreprise \u00e0 se projeter au-del\u00e0 des fronti\u00e8res.<\/p><\/div><\/div>\n<\/div><\/div>\n<\/div>\n\n\n\n<div class=\"wp-block-uagb-separator uagb-block-303e0198\"><div class=\"wp-block-uagb-separator__inner\" style=\"--my-background-image:\"><\/div><\/div>\n\n\n\n<div class=\"wp-block-uagb-container uagb-block-8b654b8c\">\n<div class=\"wp-block-uagb-container uagb-block-c35478fb\">\n<div class=\"wp-block-uagb-info-box uagb-block-255b3d9b uagb-infobox__content-wrap  uagb-infobox-icon-above-title uagb-infobox-image-valign-top\"><div class=\"uagb-ifb-content\"><div class=\"uagb-ifb-icon-wrap\"><svg xmlns=\"https:\/\/www.w3.org\/2000\/svg\" viewBox=\"0 0 512 512\"><path d=\"M0 256C0 114.6 114.6 0 256 0C397.4 0 512 114.6 512 256C512 397.4 397.4 512 256 512C114.6 512 0 397.4 0 256zM371.8 211.8C382.7 200.9 382.7 183.1 371.8 172.2C360.9 161.3 343.1 161.3 332.2 172.2L224 280.4L179.8 236.2C168.9 225.3 151.1 225.3 140.2 236.2C129.3 247.1 129.3 264.9 140.2 275.8L204.2 339.8C215.1 350.7 232.9 350.7 243.8 339.8L371.8 211.8z\"><\/path><\/svg><\/div><div class=\"uagb-ifb-title-wrap\"><h3 class=\"uagb-ifb-title\"><strong><strong>Des ambassadeurs du Made in Italy<\/strong><\/strong><\/h3><\/div><p class=\"uagb-ifb-desc\">Notre pr\u00e9cieux r\u00e9seau de collaborations et les solides synergies \u00e9tablies avec les petits artisans de tout le territoire au fil des ans nous ont permis de cr\u00e9er des compositions soign\u00e9es dans les moindres d\u00e9tails et avec l\u2019attrait prononc\u00e9 du \u00ab Made in Italy \u00bb. Pour nous, cela est un motif de fiert\u00e9. Cela signifie transmettre notre passion pour le go\u00fbt et le design, l\u2019exp\u00e9rience d\u2019une longue tradition dans l\u2019ameublement et le plaisir d\u2019une approche artisanale, dans la cadre de laquelle chaque projet re\u00e7oit la plus grande attention avec une touche d\u2019exclusivit\u00e9.<\/p><\/div><\/div>\n<\/div>\n\n\n\n<div class=\"wp-block-uagb-container uagb-block-9265129f alignfull uagb-is-root-container\"><div class=\"uagb-container-inner-blocks-wrap\">\n<div class=\"wp-block-uagb-image uagb-block-e6251a45 wp-block-uagb-image--layout-default wp-block-uagb-image--effect-static wp-block-uagb-image--align-none\"><figure class=\"wp-block-uagb-image__figure\"><img decoding=\"async\" srcset=\"https:\/\/nbconcept.live-website.com\/wp-content\/uploads\/2025\/05\/4-Des-ambassadeurs-du-Made-in-Italy-1024x683.jpg ,https:\/\/nbconcept.live-website.com\/wp-content\/uploads\/2025\/05\/4-Des-ambassadeurs-du-Made-in-Italy.jpg 780w, https:\/\/nbconcept.live-website.com\/wp-content\/uploads\/2025\/05\/4-Des-ambassadeurs-du-Made-in-Italy.jpg 360w\" sizes=\"auto, (max-width: 480px) 150px\" src=\"https:\/\/nbconcept.live-website.com\/wp-content\/uploads\/2025\/05\/4-Des-ambassadeurs-du-Made-in-Italy-1024x683.jpg\" alt=\"\" class=\"uag-image-2988\" width=\"450\" height=\"450\" title=\"4 - Des ambassadeurs du Made in Italy\" loading=\"lazy\" role=\"img\"\/><\/figure><\/div>\n<\/div><\/div>\n<\/div>\n\n\n\n<div class=\"wp-block-uagb-separator uagb-block-7b4665ca\"><div class=\"wp-block-uagb-separator__inner\" style=\"--my-background-image:\"><\/div><\/div>\n\n\n\n<div class=\"wp-block-uagb-container uagb-block-be5bb10b\">\n<div class=\"wp-block-uagb-container uagb-block-ecbadb65\">\n<div class=\"wp-block-uagb-info-box uagb-block-23bd41e4 uagb-infobox__content-wrap  uagb-infobox-icon-above-title uagb-infobox-image-valign-top\"><div class=\"uagb-ifb-content\"><div class=\"uagb-ifb-icon-wrap\"><svg xmlns=\"https:\/\/www.w3.org\/2000\/svg\" viewBox=\"0 0 512 512\"><path d=\"M0 256C0 114.6 114.6 0 256 0C397.4 0 512 114.6 512 256C512 397.4 397.4 512 256 512C114.6 512 0 397.4 0 256zM371.8 211.8C382.7 200.9 382.7 183.1 371.8 172.2C360.9 161.3 343.1 161.3 332.2 172.2L224 280.4L179.8 236.2C168.9 225.3 151.1 225.3 140.2 236.2C129.3 247.1 129.3 264.9 140.2 275.8L204.2 339.8C215.1 350.7 232.9 350.7 243.8 339.8L371.8 211.8z\"><\/path><\/svg><\/div><div class=\"uagb-ifb-title-wrap\"><h3 class=\"uagb-ifb-title\"><strong><strong><strong>Au service des concepteurs<\/strong><\/strong><\/strong><\/h3><\/div><p class=\"uagb-ifb-desc\">Cela a toujours \u00e9t\u00e9 notre pr\u00e9rogative, qui s\u2019est de plus en plus accentu\u00e9e au fils des ans. La cr\u00e9ation de compositions sur mesure et la conception d\u2019espaces \u00e0 personnaliser, notamment sous forme de contrats cl\u00e9 en main, sont des activit\u00e9s habituelles de l\u2019entreprise. Pour cela, nous mettons un personnel sp\u00e9cialis\u00e9 \u00e0 la disposition des concepteurs int\u00e9ress\u00e9s \u00e0 int\u00e9grer nos programmes dans leurs travaux, ainsi que des solutions pour le salon et la salle de bain. De cette fa\u00e7on, les concepteurs peuvent offrir \u00e0 leurs clients une proposition exhaustive de design italien \u00e0 des prix abordables.<\/p><\/div><\/div>\n<\/div>\n\n\n\n<div class=\"wp-block-uagb-container uagb-block-f83c7052 alignfull uagb-is-root-container\"><div class=\"uagb-container-inner-blocks-wrap\">\n<div class=\"wp-block-uagb-image uagb-block-fa9e8011 wp-block-uagb-image--layout-default wp-block-uagb-image--effect-static wp-block-uagb-image--align-none\"><figure class=\"wp-block-uagb-image__figure\"><img decoding=\"async\" srcset=\"https:\/\/nbconcept.live-website.com\/wp-content\/uploads\/2025\/05\/5-Au-service-des-concepteurs-1024x683.jpg ,https:\/\/nbconcept.live-website.com\/wp-content\/uploads\/2025\/05\/5-Au-service-des-concepteurs.jpg 780w, https:\/\/nbconcept.live-website.com\/wp-content\/uploads\/2025\/05\/5-Au-service-des-concepteurs.jpg 360w\" sizes=\"auto, (max-width: 480px) 150px\" src=\"https:\/\/nbconcept.live-website.com\/wp-content\/uploads\/2025\/05\/5-Au-service-des-concepteurs-1024x683.jpg\" alt=\"\" class=\"uag-image-2989\" width=\"450\" height=\"450\" title=\"5 - Au service des concepteurs\" loading=\"lazy\" role=\"img\"\/><\/figure><\/div>\n<\/div><\/div>\n<\/div>\n\n\n\n<div class=\"wp-block-uagb-separator uagb-block-831b9bb0\"><div class=\"wp-block-uagb-separator__inner\" style=\"--my-background-image:\"><\/div><\/div>\n\n\n\n<div class=\"wp-block-uagb-container uagb-block-1e2adaf0\">\n<div class=\"wp-block-uagb-container uagb-block-dcfc8c05\">\n<div class=\"wp-block-uagb-info-box uagb-block-6bfca977 uagb-infobox__content-wrap  uagb-infobox-icon-above-title uagb-infobox-image-valign-top\"><div class=\"uagb-ifb-content\"><div class=\"uagb-ifb-icon-wrap\"><svg xmlns=\"https:\/\/www.w3.org\/2000\/svg\" viewBox=\"0 0 512 512\"><path d=\"M0 256C0 114.6 114.6 0 256 0C397.4 0 512 114.6 512 256C512 397.4 397.4 512 256 512C114.6 512 0 397.4 0 256zM371.8 211.8C382.7 200.9 382.7 183.1 371.8 172.2C360.9 161.3 343.1 161.3 332.2 172.2L224 280.4L179.8 236.2C168.9 225.3 151.1 225.3 140.2 236.2C129.3 247.1 129.3 264.9 140.2 275.8L204.2 339.8C215.1 350.7 232.9 350.7 243.8 339.8L371.8 211.8z\"><\/path><\/svg><\/div><div class=\"uagb-ifb-title-wrap\"><h3 class=\"uagb-ifb-title\"><strong><strong><strong><strong>Aujourd\u2019hui (et surtout demain)<\/strong><\/strong><\/strong><\/strong><\/h3><\/div><p class=\"uagb-ifb-desc\">O\u00f9 en sommes-nous de notre voyage ? Aujourd\u2019hui, le c\u0153ur de Nova est la cuisine moderne, en offrant la possibilit\u00e9 d\u2019\u00e9largir votre projet d\u2019ameublement avec des solutions pour le salon et la salle de bain en parfaite harmonie. La possibilit\u00e9 de choisir entre diff\u00e9rents types de mat\u00e9riaux \u2013 du stratifi\u00e9 au bois, du laqu\u00e9 au verre \u2013 et l\u2019alternative toujours pr\u00e9sente d\u2019int\u00e9grer diff\u00e9rents syst\u00e8mes d\u2019ouverture offrent \u00e0 la gamme une exhaustivit\u00e9 in\u00e9gal\u00e9e. En plus de cela, nous avons toujours le regard tourn\u00e9 vers l\u2019avenir. Parce que c\u2019est cela \u00e0 quoi nous aspirons. \u00c9crire de nouvelles pages d\u2019une histoire passionnante dans laquelle tous nos clients sont les protagonistes.<\/p><\/div><\/div>\n<\/div>\n\n\n\n<div class=\"wp-block-uagb-container uagb-block-415fa528 alignfull uagb-is-root-container\"><div class=\"uagb-container-inner-blocks-wrap\">\n<div class=\"wp-block-uagb-image uagb-block-f5ec002e wp-block-uagb-image--layout-default wp-block-uagb-image--effect-static wp-block-uagb-image--align-none\"><figure class=\"wp-block-uagb-image__figure\"><img decoding=\"async\" srcset=\"https:\/\/nbconcept.live-website.com\/wp-content\/uploads\/2025\/05\/6-Aujourdhui-et-surtout-demain-1024x683.jpg ,https:\/\/nbconcept.live-website.com\/wp-content\/uploads\/2025\/05\/6-Aujourdhui-et-surtout-demain.jpg 780w, https:\/\/nbconcept.live-website.com\/wp-content\/uploads\/2025\/05\/6-Aujourdhui-et-surtout-demain.jpg 360w\" sizes=\"auto, (max-width: 480px) 150px\" src=\"https:\/\/nbconcept.live-website.com\/wp-content\/uploads\/2025\/05\/6-Aujourdhui-et-surtout-demain-1024x683.jpg\" alt=\"\" class=\"uag-image-2990\" width=\"450\" height=\"450\" title=\"6 - Aujourd\u2019hui et surtout demain\" loading=\"lazy\" role=\"img\"\/><\/figure><\/div>\n<\/div><\/div>\n<\/div>\n<\/div><\/div>\n","protected":false},"excerpt":{"rendered":"<p>Chaque histoire a un commencement Chaque histoire a un commencement. Chaque entreprise a sa propre gen\u00e8se. Il est important de [&hellip;]<\/p>\n","protected":false},"author":1,"featured_media":0,"parent":0,"menu_order":0,"comment_status":"closed","ping_status":"closed","template":"","meta":{"_uag_custom_page_level_css":"","site-sidebar-layout":"default","site-content-layout":"","ast-site-content-layout":"","site-content-style":"default","site-sidebar-style":"default","ast-global-header-display":"","ast-banner-title-visibility":"","ast-main-header-display":"","ast-hfb-above-header-display":"","ast-hfb-below-header-display":"","ast-hfb-mobile-header-display":"","site-post-title":"disabled","ast-breadcrumbs-content":"","ast-featured-img":"","footer-sml-layout":"","ast-disable-related-posts":"","theme-transparent-header-meta":"","adv-header-id-meta":"","stick-header-meta":"","header-above-stick-meta":"","header-main-stick-meta":"","header-below-stick-meta":"","astra-migrate-meta-layouts":"default","ast-page-background-enabled":"default","ast-page-background-meta":{"desktop":{"background-color":"var(--ast-global-color-5)","background-image":"","background-repeat":"repeat","background-position":"center center","background-size":"auto","background-attachment":"scroll","background-type":"","background-media":"","overlay-type":"","overlay-color":"","overlay-opacity":"","overlay-gradient":""},"tablet":{"background-color":"","background-image":"","background-repeat":"repeat","background-position":"center center","background-size":"auto","background-attachment":"scroll","background-type":"","background-media":"","overlay-type":"","overlay-color":"","overlay-opacity":"","overlay-gradient":""},"mobile":{"background-color":"","background-image":"","background-repeat":"repeat","background-position":"center center","background-size":"auto","background-attachment":"scroll","background-type":"","background-media":"","overlay-type":"","overlay-color":"","overlay-opacity":"","overlay-gradient":""}},"ast-content-background-meta":{"desktop":{"background-color":"var(--ast-global-color-4)","background-image":"","background-repeat":"repeat","background-position":"center center","background-size":"auto","background-attachment":"scroll","background-type":"","background-media":"","overlay-type":"","overlay-color":"","overlay-opacity":"","overlay-gradient":""},"tablet":{"background-color":"var(--ast-global-color-4)","background-image":"","background-repeat":"repeat","background-position":"center center","background-size":"auto","background-attachment":"scroll","background-type":"","background-media":"","overlay-type":"","overlay-color":"","overlay-opacity":"","overlay-gradient":""},"mobile":{"background-color":"var(--ast-global-color-4)","background-image":"","background-repeat":"repeat","background-position":"center center","background-size":"auto","background-attachment":"scroll","background-type":"","background-media":"","overlay-type":"","overlay-color":"","overlay-opacity":"","overlay-gradient":""}},"footnotes":""},"class_list":["post-2967","page","type-page","status-publish","hentry"],"uagb_featured_image_src":{"full":false,"thumbnail":false,"medium":false,"medium_large":false,"large":false,"1536x1536":false,"2048x2048":false},"uagb_author_info":{"display_name":"nbelabbaci","author_link":"https:\/\/nbconcept.live-website.com\/?author=1"},"uagb_comment_info":0,"uagb_excerpt":"Chaque histoire a un commencement Chaque histoire a un commencement. Chaque entreprise a sa propre gen\u00e8se. Il est important de [&hellip;]","_links":{"self":[{"href":"https:\/\/nbconcept.live-website.com\/index.php?rest_route=\/wp\/v2\/pages\/2967","targetHints":{"allow":["GET"]}}],"collection":[{"href":"https:\/\/nbconcept.live-website.com\/index.php?rest_route=\/wp\/v2\/pages"}],"about":[{"href":"https:\/\/nbconcept.live-website.com\/index.php?rest_route=\/wp\/v2\/types\/page"}],"author":[{"embeddable":true,"href":"https:\/\/nbconcept.live-website.com\/index.php?rest_route=\/wp\/v2\/users\/1"}],"replies":[{"embeddable":true,"href":"https:\/\/nbconcept.live-website.com\/index.php?rest_route=%2Fwp%2Fv2%2Fcomments&post=2967"}],"version-history":[{"count":32,"href":"https:\/\/nbconcept.live-website.com\/index.php?rest_route=\/wp\/v2\/pages\/2967\/revisions"}],"predecessor-version":[{"id":3897,"href":"https:\/\/nbconcept.live-website.com\/index.php?rest_route=\/wp\/v2\/pages\/2967\/revisions\/3897"}],"wp:attachment":[{"href":"https:\/\/nbconcept.live-website.com\/index.php?rest_route=%2Fwp%2Fv2%2Fmedia&parent=2967"}],"curies":[{"name":"wp","href":"https:\/\/api.w.org\/{rel}","templated":true}]}}