{"id":586,"date":"2025-04-27T00:46:00","date_gmt":"2025-04-26T22:46:00","guid":{"rendered":"https:\/\/nbconcept.live-website.com\/?page_id=586"},"modified":"2025-12-15T06:41:29","modified_gmt":"2025-12-15T05:41:29","slug":"poggenpohl","status":"publish","type":"page","link":"https:\/\/nbconcept.live-website.com\/?page_id=586","title":{"rendered":"Nos marques Poggenpohl"},"content":{"rendered":"\n<div class=\"wp-block-uagb-container uagb-block-53956da6 alignfull uagb-is-root-container\"><div class=\"uagb-container-inner-blocks-wrap\">\n<div class=\"wp-block-uagb-separator uagb-block-c32105ea\"><div class=\"wp-block-uagb-separator__inner\" style=\"--my-background-image:\"><\/div><\/div>\n<\/div><\/div>\n\n\n\n<div class=\"wp-block-uagb-container uagb-block-fa204bce alignfull uagb-is-root-container\"><div class=\"uagb-container-inner-blocks-wrap\">\n<div class=\"wp-block-uagb-container uagb-block-ba2dca84 default uagb-is-root-container\">\n<div class=\"wp-block-uagb-advanced-heading uagb-block-fccbfd5d\"><h1 class=\"uagb-heading-text\"><strong>Concevoir la cuisine comme le centre de la vie<\/strong><\/h1><p class=\"uagb-desc-text\">D\u00e8s le tout d\u00e9but, lorsque Friedemir Poggenpohl a fond\u00e9 l&rsquo;entreprise familiale en 1892, l&rsquo;objectif \u00e9tait d&rsquo;am\u00e9liorer la cuisine. En l&rsquo;espace de 130 ans, l&rsquo;ancienne entreprise de menuiserie est devenue la marque leader de l&rsquo;architecture de cuisine luxueuse fabriqu\u00e9e en Allemagne. En tant qu&rsquo;inventeur de la cuisine moderne, Poggenpohl combine des concepts et des pratiques architecturales avec un design tendance, un savoir-faire exceptionnel et une pr\u00e9cision technique.<\/p><\/div>\n<\/div>\n\n\n\n<div class=\"wp-block-uagb-separator uagb-block-3776035b\"><div class=\"uagb-separator-spacing-wrapper\"><div class=\"wp-block-uagb-separator__inner\" style=\"--my-background-image:\"><\/div><\/div><\/div>\n\n\n\n<div class=\"wp-block-uagb-container uagb-block-df4c3303\">\n<div class=\"wp-block-uagb-container uagb-block-e3d753a0\">\n<div class=\"wp-block-uagb-image uagb-block-7f04c05d wp-block-uagb-image--layout-default wp-block-uagb-image--effect-static wp-block-uagb-image--align-none\"><figure class=\"wp-block-uagb-image__figure\"><img decoding=\"async\" srcset=\"https:\/\/nbconcept.live-website.com\/wp-content\/uploads\/2025\/05\/Artisanat-de-precision-1024x1024.jpg ,https:\/\/nbconcept.live-website.com\/wp-content\/uploads\/2025\/05\/Artisanat-de-precision.jpg 780w, https:\/\/nbconcept.live-website.com\/wp-content\/uploads\/2025\/05\/Artisanat-de-precision.jpg 360w\" sizes=\"auto, (max-width: 480px) 150px\" src=\"https:\/\/nbconcept.live-website.com\/wp-content\/uploads\/2025\/05\/Artisanat-de-precision-1024x1024.jpg\" alt=\"\" class=\"uag-image-1620\" width=\"450\" height=\"450\" title=\"Artisanat de pr\u00e9cision\" loading=\"lazy\" role=\"img\"\/><\/figure><\/div>\n<\/div>\n\n\n\n<div class=\"wp-block-uagb-container uagb-block-37e2f4ab\">\n<div class=\"wp-block-uagb-info-box uagb-block-54f535a1 uagb-infobox__content-wrap  uagb-infobox-icon-above-title uagb-infobox-image-valign-top\"><div class=\"uagb-ifb-content\"><div class=\"uagb-ifb-icon-wrap\"><svg xmlns=\"https:\/\/www.w3.org\/2000\/svg\" viewBox=\"0 0 512 512\"><path d=\"M0 256C0 114.6 114.6 0 256 0C397.4 0 512 114.6 512 256C512 397.4 397.4 512 256 512C114.6 512 0 397.4 0 256zM371.8 211.8C382.7 200.9 382.7 183.1 371.8 172.2C360.9 161.3 343.1 161.3 332.2 172.2L224 280.4L179.8 236.2C168.9 225.3 151.1 225.3 140.2 236.2C129.3 247.1 129.3 264.9 140.2 275.8L204.2 339.8C215.1 350.7 232.9 350.7 243.8 339.8L371.8 211.8z\"><\/path><\/svg><\/div><div class=\"uagb-ifb-title-wrap\"><h3 class=\"uagb-ifb-title\"><strong>Artisanat de pr\u00e9cision<\/strong><\/h3><\/div><p class=\"uagb-ifb-desc\">Avec Poggenpohl, la qualit\u00e9 a un nom qui est enracin\u00e9 dans l&rsquo;artisanat du menuisier. Ce qui fait la diff\u00e9rence, c&rsquo;est la combinaison de l&rsquo;exp\u00e9rience pratique avec de nouvelles m\u00e9thodes. Un exemple de ceci est la technique sp\u00e9ciale de pon\u00e7age-vernis, une m\u00e9thode de traitement qui a rendu possible des surfaces verniss\u00e9es extraordinaires et est devenue mondialement connue d\u00e8s les ann\u00e9es 1930. Aujourd&rsquo;hui, la menuiserie qualifi\u00e9e fusionne avec la technologie de production la plus moderne. La fabrication effectu\u00e9e exclusivement en Allemagne garantit la qualit\u00e9 et le caract\u00e8re distinctif des cuisines.<\/p><\/div><\/div>\n<\/div>\n<\/div>\n\n\n\n<div class=\"wp-block-uagb-separator uagb-block-74d94d0e\"><div class=\"wp-block-uagb-separator__inner\" style=\"--my-background-image:\"><\/div><\/div>\n\n\n\n<div class=\"wp-block-uagb-container uagb-layout-flex uagb-block-0cbd0003\">\n<div class=\"wp-block-uagb-container uagb-block-710ba87b\">\n<div class=\"wp-block-uagb-info-box uagb-block-5c4fb466 uagb-infobox__content-wrap  uagb-infobox-icon-above-title uagb-infobox-image-valign-top\"><div class=\"uagb-ifb-content\"><div class=\"uagb-ifb-icon-wrap\"><svg xmlns=\"https:\/\/www.w3.org\/2000\/svg\" viewBox=\"0 0 512 512\"><path d=\"M0 256C0 114.6 114.6 0 256 0C397.4 0 512 114.6 512 256C512 397.4 397.4 512 256 512C114.6 512 0 397.4 0 256zM371.8 211.8C382.7 200.9 382.7 183.1 371.8 172.2C360.9 161.3 343.1 161.3 332.2 172.2L224 280.4L179.8 236.2C168.9 225.3 151.1 225.3 140.2 236.2C129.3 247.1 129.3 264.9 140.2 275.8L204.2 339.8C215.1 350.7 232.9 350.7 243.8 339.8L371.8 211.8z\"><\/path><\/svg><\/div><div class=\"uagb-ifb-title-wrap\"><h3 class=\"uagb-ifb-title\"><strong>Revendication \u00e0&nbsp;<\/strong><br><strong>l&rsquo;innovation<\/strong><\/h3><\/div><p class=\"uagb-ifb-desc\">L&rsquo;innovation est une tradition chez Poggenpohl. Avec des id\u00e9es inattendues, l&rsquo;entreprise ma\u00eetrise continuellement les d\u00e9fis avec cr\u00e9ativit\u00e9. L&rsquo;exp\u00e9rience 70 Study, par exemple, a repr\u00e9sent\u00e9 un saut g\u00e9ant vers l&rsquo;avenir. En 1970, le designer Luigi Colani a esquiss\u00e9 un concept visionnaire pour l&rsquo;ann\u00e9e 2000 avec sa cuisine bleue sph\u00e9rique. L&rsquo;\u00e9tude est un symbole puissant de l&rsquo;inventivit\u00e9 qui se concentre toujours sur les personnes dans les pens\u00e9es et les actions de Poggenpohl.<\/p><\/div><\/div>\n<\/div>\n\n\n\n<div class=\"wp-block-uagb-container uagb-block-3ee3306e\">\n<div class=\"wp-block-uagb-image uagb-block-f276ace9 wp-block-uagb-image--layout-default wp-block-uagb-image--effect-static wp-block-uagb-image--align-none\"><figure class=\"wp-block-uagb-image__figure\"><img decoding=\"async\" srcset=\"https:\/\/nbconcept.live-website.com\/wp-content\/uploads\/2025\/05\/lexigente-innovation-1024x1024.jpg ,https:\/\/nbconcept.live-website.com\/wp-content\/uploads\/2025\/05\/lexigente-innovation.jpg 780w, https:\/\/nbconcept.live-website.com\/wp-content\/uploads\/2025\/05\/lexigente-innovation.jpg 360w\" sizes=\"auto, (max-width: 480px) 150px\" src=\"https:\/\/nbconcept.live-website.com\/wp-content\/uploads\/2025\/05\/lexigente-innovation-1024x1024.jpg\" alt=\"\" class=\"uag-image-1623\" width=\"450\" height=\"450\" title=\"l'exigente innovation\" loading=\"lazy\" role=\"img\"\/><\/figure><\/div>\n<\/div>\n<\/div>\n\n\n\n<div class=\"wp-block-uagb-separator uagb-block-632ef949\"><div class=\"wp-block-uagb-separator__inner\" style=\"--my-background-image:\"><\/div><\/div>\n\n\n\n<div class=\"wp-block-uagb-container uagb-block-30a7ab55\">\n<div class=\"wp-block-uagb-container uagb-block-ceeded28 alignfull uagb-is-root-container\"><div class=\"uagb-container-inner-blocks-wrap\">\n<div class=\"wp-block-uagb-image uagb-block-f961b9f6 wp-block-uagb-image--layout-default wp-block-uagb-image--effect-static wp-block-uagb-image--align-none\"><figure class=\"wp-block-uagb-image__figure\"><img decoding=\"async\" srcset=\"https:\/\/nbconcept.live-website.com\/wp-content\/uploads\/2025\/05\/En-avance-sur-son-temps-1024x1024.jpg ,https:\/\/nbconcept.live-website.com\/wp-content\/uploads\/2025\/05\/En-avance-sur-son-temps.jpg 780w, https:\/\/nbconcept.live-website.com\/wp-content\/uploads\/2025\/05\/En-avance-sur-son-temps.jpg 360w\" sizes=\"auto, (max-width: 480px) 150px\" src=\"https:\/\/nbconcept.live-website.com\/wp-content\/uploads\/2025\/05\/En-avance-sur-son-temps-1024x1024.jpg\" alt=\"\" class=\"uag-image-1622\" width=\"450\" height=\"450\" title=\"En avance sur son temps\" loading=\"lazy\" role=\"img\"\/><\/figure><\/div>\n<\/div><\/div>\n\n\n\n<div class=\"wp-block-uagb-container uagb-block-25747eff alignfull uagb-is-root-container\"><div class=\"uagb-container-inner-blocks-wrap\">\n<div class=\"wp-block-uagb-info-box uagb-block-645e46ff uagb-infobox__content-wrap  uagb-infobox-icon-above-title uagb-infobox-image-valign-top\"><div class=\"uagb-ifb-content\"><div class=\"uagb-ifb-icon-wrap\"><svg xmlns=\"https:\/\/www.w3.org\/2000\/svg\" viewBox=\"0 0 512 512\"><path d=\"M0 256C0 114.6 114.6 0 256 0C397.4 0 512 114.6 512 256C512 397.4 397.4 512 256 512C114.6 512 0 397.4 0 256zM371.8 211.8C382.7 200.9 382.7 183.1 371.8 172.2C360.9 161.3 343.1 161.3 332.2 172.2L224 280.4L179.8 236.2C168.9 225.3 151.1 225.3 140.2 236.2C129.3 247.1 129.3 264.9 140.2 275.8L204.2 339.8C215.1 350.7 232.9 350.7 243.8 339.8L371.8 211.8z\"><\/path><\/svg><\/div><div class=\"uagb-ifb-title-wrap\"><h3 class=\"uagb-ifb-title\"><strong>En avance sur l&rsquo;avenir<\/strong><\/h3><\/div><p class=\"uagb-ifb-desc\">Chez Poggenpohl, un sens clair du changement ouvre la voie. La cuisine r\u00e9form\u00e9e pr\u00e9sent\u00e9e en 1928 est consid\u00e9r\u00e9e comme le fondement de la cuisine moderne. L&rsquo;id\u00e9e d&rsquo;armoires connect\u00e9es et d&rsquo;int\u00e9rieurs fonctionnels a d\u00e9fini le pr\u00e9curseur des cuisines \u00e9quip\u00e9es ult\u00e9rieures. En identifiant les d\u00e9veloppements soci\u00e9taux \u00e0 un stade pr\u00e9coce et en les int\u00e9grant dans de nouveaux produits techniquement plus sophistiqu\u00e9s, l&rsquo;entreprise atteint continuellement d&rsquo;autres \u00e9tapes dans l&rsquo;histoire de la cuisine internationale.<\/p><\/div><\/div>\n<\/div><\/div>\n<\/div>\n\n\n\n<div class=\"wp-block-uagb-separator uagb-block-303e0198\"><div class=\"wp-block-uagb-separator__inner\" style=\"--my-background-image:\"><\/div><\/div>\n\n\n\n<div class=\"wp-block-uagb-container uagb-block-8b654b8c\">\n<div class=\"wp-block-uagb-container uagb-block-c35478fb\">\n<div class=\"wp-block-uagb-info-box uagb-block-255b3d9b uagb-infobox__content-wrap  uagb-infobox-icon-above-title uagb-infobox-image-valign-top\"><div class=\"uagb-ifb-content\"><div class=\"uagb-ifb-icon-wrap\"><svg xmlns=\"https:\/\/www.w3.org\/2000\/svg\" viewBox=\"0 0 512 512\"><path d=\"M0 256C0 114.6 114.6 0 256 0C397.4 0 512 114.6 512 256C512 397.4 397.4 512 256 512C114.6 512 0 397.4 0 256zM371.8 211.8C382.7 200.9 382.7 183.1 371.8 172.2C360.9 161.3 343.1 161.3 332.2 172.2L224 280.4L179.8 236.2C168.9 225.3 151.1 225.3 140.2 236.2C129.3 247.1 129.3 264.9 140.2 275.8L204.2 339.8C215.1 350.7 232.9 350.7 243.8 339.8L371.8 211.8z\"><\/path><\/svg><\/div><div class=\"uagb-ifb-title-wrap\"><h3 class=\"uagb-ifb-title\"><strong>Des pi\u00e8ces uniques dans l\u2019espace<\/strong><\/h3><\/div><p class=\"uagb-ifb-desc\">Le syst\u00e8me de cuisine Form 1000 de Walter Ludewig, d\u00e9velopp\u00e9 en 1950, illustre l&rsquo;approche architecturale de Poggenpohl. Son id\u00e9e d&rsquo;utiliser de mani\u00e8re flexible les armoires sup\u00e9rieures et inf\u00e9rieures murales pour mieux utiliser l&rsquo;espace disponible a fa\u00e7onn\u00e9 le design de la cuisine \u00e0 nos jours. Les gens restent le point central de la planification lorsque les concepteurs de Poggenpohl d\u00e9veloppent des solutions sur mesure pour les id\u00e9es individuelles des clients et transforment ce qui \u00e9tait autrefois un espace de travail de cuisine en le c\u0153ur vivant de la maison.<\/p><\/div><\/div>\n<\/div>\n\n\n\n<div class=\"wp-block-uagb-container uagb-block-9265129f alignfull uagb-is-root-container\"><div class=\"uagb-container-inner-blocks-wrap\">\n<div class=\"wp-block-uagb-image uagb-block-e6251a45 wp-block-uagb-image--layout-default wp-block-uagb-image--effect-static wp-block-uagb-image--align-none\"><figure class=\"wp-block-uagb-image__figure\"><img decoding=\"async\" srcset=\"https:\/\/nbconcept.live-website.com\/wp-content\/uploads\/2025\/05\/Des-pieces-uniques-dans-lespace-1024x1024.jpg ,https:\/\/nbconcept.live-website.com\/wp-content\/uploads\/2025\/05\/Des-pieces-uniques-dans-lespace.jpg 780w, https:\/\/nbconcept.live-website.com\/wp-content\/uploads\/2025\/05\/Des-pieces-uniques-dans-lespace.jpg 360w\" sizes=\"auto, (max-width: 480px) 150px\" src=\"https:\/\/nbconcept.live-website.com\/wp-content\/uploads\/2025\/05\/Des-pieces-uniques-dans-lespace-1024x1024.jpg\" alt=\"\" class=\"uag-image-1621\" width=\"450\" height=\"450\" title=\"Des pi\u00e8ces uniques dans l\u2019espace\" loading=\"lazy\" role=\"img\"\/><\/figure><\/div>\n<\/div><\/div>\n<\/div>\n<\/div><\/div>\n","protected":false},"excerpt":{"rendered":"<p>Concevoir la cuisine comme le centre de la vie D\u00e8s le tout d\u00e9but, lorsque Friedemir Poggenpohl a fond\u00e9 l&rsquo;entreprise familiale [&hellip;]<\/p>\n","protected":false},"author":1,"featured_media":0,"parent":0,"menu_order":0,"comment_status":"closed","ping_status":"closed","template":"","meta":{"_uag_custom_page_level_css":"","site-sidebar-layout":"default","site-content-layout":"","ast-site-content-layout":"","site-content-style":"default","site-sidebar-style":"default","ast-global-header-display":"","ast-banner-title-visibility":"","ast-main-header-display":"","ast-hfb-above-header-display":"","ast-hfb-below-header-display":"","ast-hfb-mobile-header-display":"","site-post-title":"disabled","ast-breadcrumbs-content":"","ast-featured-img":"","footer-sml-layout":"","ast-disable-related-posts":"","theme-transparent-header-meta":"","adv-header-id-meta":"","stick-header-meta":"","header-above-stick-meta":"","header-main-stick-meta":"","header-below-stick-meta":"","astra-migrate-meta-layouts":"default","ast-page-background-enabled":"default","ast-page-background-meta":{"desktop":{"background-color":"var(--ast-global-color-5)","background-image":"","background-repeat":"repeat","background-position":"center center","background-size":"auto","background-attachment":"scroll","background-type":"","background-media":"","overlay-type":"","overlay-color":"","overlay-opacity":"","overlay-gradient":""},"tablet":{"background-color":"","background-image":"","background-repeat":"repeat","background-position":"center center","background-size":"auto","background-attachment":"scroll","background-type":"","background-media":"","overlay-type":"","overlay-color":"","overlay-opacity":"","overlay-gradient":""},"mobile":{"background-color":"","background-image":"","background-repeat":"repeat","background-position":"center center","background-size":"auto","background-attachment":"scroll","background-type":"","background-media":"","overlay-type":"","overlay-color":"","overlay-opacity":"","overlay-gradient":""}},"ast-content-background-meta":{"desktop":{"background-color":"var(--ast-global-color-4)","background-image":"","background-repeat":"repeat","background-position":"center center","background-size":"auto","background-attachment":"scroll","background-type":"","background-media":"","overlay-type":"","overlay-color":"","overlay-opacity":"","overlay-gradient":""},"tablet":{"background-color":"var(--ast-global-color-4)","background-image":"","background-repeat":"repeat","background-position":"center center","background-size":"auto","background-attachment":"scroll","background-type":"","background-media":"","overlay-type":"","overlay-color":"","overlay-opacity":"","overlay-gradient":""},"mobile":{"background-color":"var(--ast-global-color-4)","background-image":"","background-repeat":"repeat","background-position":"center center","background-size":"auto","background-attachment":"scroll","background-type":"","background-media":"","overlay-type":"","overlay-color":"","overlay-opacity":"","overlay-gradient":""}},"footnotes":""},"class_list":["post-586","page","type-page","status-publish","hentry"],"uagb_featured_image_src":{"full":false,"thumbnail":false,"medium":false,"medium_large":false,"large":false,"1536x1536":false,"2048x2048":false},"uagb_author_info":{"display_name":"nbelabbaci","author_link":"https:\/\/nbconcept.live-website.com\/?author=1"},"uagb_comment_info":0,"uagb_excerpt":"Concevoir la cuisine comme le centre de la vie D\u00e8s le tout d\u00e9but, lorsque Friedemir Poggenpohl a fond\u00e9 l&rsquo;entreprise familiale [&hellip;]","_links":{"self":[{"href":"https:\/\/nbconcept.live-website.com\/index.php?rest_route=\/wp\/v2\/pages\/586","targetHints":{"allow":["GET"]}}],"collection":[{"href":"https:\/\/nbconcept.live-website.com\/index.php?rest_route=\/wp\/v2\/pages"}],"about":[{"href":"https:\/\/nbconcept.live-website.com\/index.php?rest_route=\/wp\/v2\/types\/page"}],"author":[{"embeddable":true,"href":"https:\/\/nbconcept.live-website.com\/index.php?rest_route=\/wp\/v2\/users\/1"}],"replies":[{"embeddable":true,"href":"https:\/\/nbconcept.live-website.com\/index.php?rest_route=%2Fwp%2Fv2%2Fcomments&post=586"}],"version-history":[{"count":93,"href":"https:\/\/nbconcept.live-website.com\/index.php?rest_route=\/wp\/v2\/pages\/586\/revisions"}],"predecessor-version":[{"id":3935,"href":"https:\/\/nbconcept.live-website.com\/index.php?rest_route=\/wp\/v2\/pages\/586\/revisions\/3935"}],"wp:attachment":[{"href":"https:\/\/nbconcept.live-website.com\/index.php?rest_route=%2Fwp%2Fv2%2Fmedia&parent=586"}],"curies":[{"name":"wp","href":"https:\/\/api.w.org\/{rel}","templated":true}]}}